{"id":6997,"date":"2019-06-18T15:51:03","date_gmt":"2019-06-18T13:51:03","guid":{"rendered":"http:\/\/pl.jlm.se\/?page_id=6997"},"modified":"2020-09-29T11:20:27","modified_gmt":"2020-09-29T09:20:27","slug":"co-o-nas-mowia","status":"publish","type":"page","link":"https:\/\/pl.jlm.se\/pl\/co-o-nas-mowia\/","title":{"rendered":"Co pisz\u0105 u\u017cytkownicy maszyn Ditch Witch\u00ae"},"content":{"rendered":"<h1>Krecik Przewierty Sterowane Przemys\u0142aw Tomaszewski i Wsp\u00f3lnik sp.j.<\/h1>\n<h4><strong>BEZWYKOPOWA BUDOWA. W NAJBLI\u017bSZYCH LATACH OPERATORZY WIERTNIC NIE B\u0118D\u0104 SI\u0118 NUDZI\u0106<\/strong><a href=\"http:\/\/pl.jlm.se\/wp-content\/uploads\/2019\/06\/W_najblizszych_latach_operatorzy_wiertnic_nie_beda_sie_nudzic_.pdf\"> (czytaj wi\u0119cej)<\/a><\/h4>\n<h4><\/h4>\n<h1>Damian Magot &#8211; DOLMEN&#8217;S<\/h1>\n<h4>JAK WYKONA\u0106 INSTALACJ\u0118 KABLOW\u0104 POD CZYNNYM TOROWISKIEM?<a href=\"http:\/\/pl.jlm.se\/wp-content\/uploads\/2019\/09\/Jak-wykona%C4%87-instalacj%C4%99-kablow%C4%85-pod-czynnym-torowiskiem.pdf\"> (czytaj wi\u0119cej)<\/a><\/h4>\n<h1><strong>Grzegorz Zarzycki AGZ sp. z o.o.<\/strong><\/h1>\n<h4><strong>MIASTA SMART ROZBUDOWUJ\u0104 SI\u0118 BEZWYKOPOWO, A INNE SI\u0118 OD NICH UCZ\u0104<\/strong> <a href=\"https:\/\/pl.jlm.se\/wp-content\/uploads\/2020\/01\/art_JLM_pokor.pdf\">(czytaj wi\u0119cej)<\/a><\/h4>\n<p>&nbsp;<\/p>\n<h1 id=\"title\" class=\"vcard_name\">Q-Wiert Sylwia Kabaci\u0144ska<\/h1>\n<p><strong>PRZEWIERTY HDD <\/strong><strong>W ZAK\u0141ADZIE ALUMINIUM KONIN <a href=\"https:\/\/pl.jlm.se\/wp-content\/uploads\/2020\/09\/art_JLM_pokor.pdf\">(czytaj wi\u0119cej)<\/a><\/strong><\/p>\n<p>&nbsp;<\/p>\n","protected":false},"excerpt":{"rendered":"<p>Krecik Przewierty Sterowane Przemys\u0142aw Tomaszewski i Wsp\u00f3lnik sp.j. BEZWYKOPOWA BUDOWA. W NAJBLI\u017bSZYCH LATACH OPERATORZY WIERTNIC NIE B\u0118D\u0104 SI\u0118 NUDZI\u0106 (czytaj wi\u0119cej) Damian Magot &#8211; DOLMEN&#8217;S &#8230;<\/p>\n","protected":false},"author":10,"featured_media":6744,"parent":0,"menu_order":0,"comment_status":"closed","ping_status":"closed","template":"","meta":{"_acf_changed":false,"footnotes":""},"class_list":["post-6997","page","type-page","status-publish","has-post-thumbnail","hentry"],"acf":[],"_links":{"self":[{"href":"https:\/\/pl.jlm.se\/pl\/wp-json\/wp\/v2\/pages\/6997","targetHints":{"allow":["GET"]}}],"collection":[{"href":"https:\/\/pl.jlm.se\/pl\/wp-json\/wp\/v2\/pages"}],"about":[{"href":"https:\/\/pl.jlm.se\/pl\/wp-json\/wp\/v2\/types\/page"}],"author":[{"embeddable":true,"href":"https:\/\/pl.jlm.se\/pl\/wp-json\/wp\/v2\/users\/10"}],"replies":[{"embeddable":true,"href":"https:\/\/pl.jlm.se\/pl\/wp-json\/wp\/v2\/comments?post=6997"}],"version-history":[{"count":33,"href":"https:\/\/pl.jlm.se\/pl\/wp-json\/wp\/v2\/pages\/6997\/revisions"}],"predecessor-version":[{"id":9374,"href":"https:\/\/pl.jlm.se\/pl\/wp-json\/wp\/v2\/pages\/6997\/revisions\/9374"}],"wp:featuredmedia":[{"embeddable":true,"href":"https:\/\/pl.jlm.se\/pl\/wp-json\/wp\/v2\/media\/6744"}],"wp:attachment":[{"href":"https:\/\/pl.jlm.se\/pl\/wp-json\/wp\/v2\/media?parent=6997"}],"curies":[{"name":"wp","href":"https:\/\/api.w.org\/{rel}","templated":true}]}}