{"id":1358,"date":"2017-03-20T16:40:53","date_gmt":"2017-03-20T14:40:53","guid":{"rendered":"http:\/\/pl.jlm.se\/kontakt\/"},"modified":"2025-12-17T17:04:56","modified_gmt":"2025-12-17T15:04:56","slug":"kontakt","status":"publish","type":"page","link":"https:\/\/pl.jlm.se\/pl\/kontakt\/","title":{"rendered":"Kontakt"},"content":{"rendered":"<p><strong>Przedstawiciele handlowi<\/strong><\/p>\n<p>Ireneusz Sas<br \/>\nRegion\u00a0 \u2013 p\u0142d.-wsch\u00f3d oraz woj. mazowieckie i podlaskie<br \/>\nTel. kom. +48 603 747 787<br \/>\nsas@jlm.pl<\/p>\n<p>Tomasz G\u0105dek<br \/>\nRegion\u00a0 \u2013 p\u00f3\u0142nocny<br \/>\nTel. kom. +48 785 588 000<br \/>\ngadek@jlm.pl<\/p>\n<p>Artur Pulnik<br \/>\nRegion\u00a0 \u2013 po\u0142udniowy zach\u00f3d<br \/>\nTel. kom. +48 609 719 939<br \/>\npulnik@jlm.pl<\/p>\n<p><strong>Serwis<\/strong><\/p>\n<p>Wsparcie Klienta<br \/>\nDariusz Dobrski<br \/>\nTel. 0 603 867 720<br \/>\ndobrski@jlm.pl<\/p>\n<p>Wsparcie Klienta<br \/>\nKarol Kwiecie\u0144<br \/>\nTel. 0 783 610 300<br \/>\nkwiecien@jlm.pl<\/p>\n<p>Wsparcie Klienta<br \/>\nMarek Mr\u00f3z<br \/>\nTel. 0 605 296 436<br \/>\nmroz@jlm.pl<\/p>\n<p>Wsparcie Klienta<br \/>\nHammerHead\u00ae<br \/>\nPrzemys\u0142aw Witczak<br \/>\nTel. 0 887 030\u00a0300<br \/>\nwitczak@jlm.pl<\/p>\n<p><strong>Cz\u0119\u015bci zamienne<\/strong><\/p>\n<p>Leszek Owczarek<br \/>\nTel. 0 603 867 709<br \/>\nowczarek@jlm.pl<br \/>\nTel. 0 603 867 709<br \/>\nowczarek@jlm.pl<\/p>\n","protected":false},"excerpt":{"rendered":"<p>Przedstawiciele handlowi Ireneusz Sas Region\u00a0 \u2013 p\u0142d.-wsch\u00f3d oraz woj. mazowieckie i podlaskie Tel. kom. +48 603 747 787 sas@jlm.pl Tomasz G\u0105dek Region\u00a0 \u2013 p\u00f3\u0142nocny Tel. &#8230;<\/p>\n","protected":false},"author":1,"featured_media":1027,"parent":0,"menu_order":0,"comment_status":"closed","ping_status":"closed","template":"page-contact.php","meta":{"_acf_changed":false,"footnotes":""},"class_list":["post-1358","page","type-page","status-publish","has-post-thumbnail","hentry"],"acf":[],"_links":{"self":[{"href":"https:\/\/pl.jlm.se\/pl\/wp-json\/wp\/v2\/pages\/1358","targetHints":{"allow":["GET"]}}],"collection":[{"href":"https:\/\/pl.jlm.se\/pl\/wp-json\/wp\/v2\/pages"}],"about":[{"href":"https:\/\/pl.jlm.se\/pl\/wp-json\/wp\/v2\/types\/page"}],"author":[{"embeddable":true,"href":"https:\/\/pl.jlm.se\/pl\/wp-json\/wp\/v2\/users\/1"}],"replies":[{"embeddable":true,"href":"https:\/\/pl.jlm.se\/pl\/wp-json\/wp\/v2\/comments?post=1358"}],"version-history":[{"count":91,"href":"https:\/\/pl.jlm.se\/pl\/wp-json\/wp\/v2\/pages\/1358\/revisions"}],"predecessor-version":[{"id":13290,"href":"https:\/\/pl.jlm.se\/pl\/wp-json\/wp\/v2\/pages\/1358\/revisions\/13290"}],"wp:featuredmedia":[{"embeddable":true,"href":"https:\/\/pl.jlm.se\/pl\/wp-json\/wp\/v2\/media\/1027"}],"wp:attachment":[{"href":"https:\/\/pl.jlm.se\/pl\/wp-json\/wp\/v2\/media?parent=1358"}],"curies":[{"name":"wp","href":"https:\/\/api.w.org\/{rel}","templated":true}]}}