{"id":1357,"date":"2017-03-20T16:40:48","date_gmt":"2017-03-20T14:40:48","guid":{"rendered":"http:\/\/pl.jlm.se\/om-oss\/"},"modified":"2025-10-07T09:28:44","modified_gmt":"2025-10-07T07:28:44","slug":"o-nas","status":"publish","type":"page","link":"https:\/\/pl.jlm.se\/pl\/home-pl\/o-nas\/","title":{"rendered":"O nas"},"content":{"rendered":"<p><strong>JL Maskiner w Polsce Sp. z o.o.<\/strong> nale\u017cy do grupy JLM, kt\u00f3ra jest generalnym przedstawicielem firmy <strong>Ditch Witch<sup>\u00ae<\/sup>\u00a0<\/strong>w Szwecji, Norwegii, Danii, Polsce i na Ukrainie. Firma JL Maskiner od pocz\u0105tku lat siedemdziesi\u0105tych ubieg\u0142ego wieku zajmuje si\u0119 sprzeda\u017c\u0105 maszyn i urz\u0105dze\u0144 dla firm\u00a0 specjalizuj\u0105cych si\u0119 w budowie infrastruktury podziemnej. G\u0142\u00f3wna siedziba firmy mie\u015bci si\u0119 w Malm\u00f6, gdzie znajduje si\u0119 centralny magazyn cz\u0119\u015bci zamiennych.<\/p>\r\n<p>Ju\u017c 30 lat aktywnie dzia\u0142amy na\u00a0 polskim rynku.<\/p>\r\n<p>Jeste\u015bmy wy\u0142\u0105cznym przedstawicielem marek Ditch Witch<sup>\u00ae<\/sup>, Zahn<sup>\u00ae<\/sup>, Subsite<sup>\u00ae\u00a0<\/sup>Electronics, HammerHead<sup>\u00ae<\/sup>, HammerHead Mole<sup>\u00ae<\/sup>, American Augers<sup>\u00ae<\/sup> \u2013 TRENCOR<sup>\u00ae<\/sup>, a tak\u017ce dystrybutorem marki Baroid<sup>\u00ae<\/sup>.<br \/>Prowadzimy serwis i magazyn cz\u0119\u015bci zamiennych.<\/p>\r\n<p>Naszym priorytetem jest:<\/p>\r\n<p style=\"text-align: left;\">\u2022 by\u0107 rzetelnym partnerem dla klient\u00f3w,<br \/>\u2022 by\u0107 liderem w doradztwie i obs\u0142udze technicznej,<br \/>\u2022 by\u0107 kreatywnym i otwartym na ca\u0142okszta\u0142t potrzeb klienta,<br \/>\u2022 zapewnia\u0107 kompleksow\u0105 obs\u0142ug\u0119 maszyn i urz\u0105dze\u0144 marki Ditch Witch<sup>\u00ae<\/sup> oraz produkt\u00f3w firm z ni\u0105 zwi\u0105zanych.<\/p>\r\n\r\n<figure class=\"wp-block-embed-youtube wp-block-embed is-type-video is-provider-youtube wp-embed-aspect-16-9 wp-has-aspect-ratio\">\r\n<div class=\"wp-block-embed__wrapper\">\u00a0<\/div>\r\n<div>\u00a0<\/div>\r\n<\/figure>\r\n","protected":false},"excerpt":{"rendered":"<p>JL Maskiner w Polsce Sp. z o.o. nale\u017cy do grupy JLM, kt\u00f3ra jest generalnym przedstawicielem firmy Ditch Witch\u00ae\u00a0w Szwecji, Norwegii, Danii, Polsce i na Ukrainie. &#8230;<\/p>\n","protected":false},"author":1,"featured_media":2578,"parent":1352,"menu_order":0,"comment_status":"closed","ping_status":"closed","template":"page-hero.php","meta":{"_acf_changed":false,"footnotes":""},"class_list":["post-1357","page","type-page","status-publish","has-post-thumbnail","hentry"],"acf":[],"_links":{"self":[{"href":"https:\/\/pl.jlm.se\/pl\/wp-json\/wp\/v2\/pages\/1357","targetHints":{"allow":["GET"]}}],"collection":[{"href":"https:\/\/pl.jlm.se\/pl\/wp-json\/wp\/v2\/pages"}],"about":[{"href":"https:\/\/pl.jlm.se\/pl\/wp-json\/wp\/v2\/types\/page"}],"author":[{"embeddable":true,"href":"https:\/\/pl.jlm.se\/pl\/wp-json\/wp\/v2\/users\/1"}],"replies":[{"embeddable":true,"href":"https:\/\/pl.jlm.se\/pl\/wp-json\/wp\/v2\/comments?post=1357"}],"version-history":[{"count":27,"href":"https:\/\/pl.jlm.se\/pl\/wp-json\/wp\/v2\/pages\/1357\/revisions"}],"predecessor-version":[{"id":13171,"href":"https:\/\/pl.jlm.se\/pl\/wp-json\/wp\/v2\/pages\/1357\/revisions\/13171"}],"up":[{"embeddable":true,"href":"https:\/\/pl.jlm.se\/pl\/wp-json\/wp\/v2\/pages\/1352"}],"wp:featuredmedia":[{"embeddable":true,"href":"https:\/\/pl.jlm.se\/pl\/wp-json\/wp\/v2\/media\/2578"}],"wp:attachment":[{"href":"https:\/\/pl.jlm.se\/pl\/wp-json\/wp\/v2\/media?parent=1357"}],"curies":[{"name":"wp","href":"https:\/\/api.w.org\/{rel}","templated":true}]}}