{"id":1353,"date":"2017-04-10T20:26:03","date_gmt":"2017-04-10T18:26:03","guid":{"rendered":"http:\/\/pl.jlm.se\/service\/"},"modified":"2025-11-03T14:53:31","modified_gmt":"2025-11-03T12:53:31","slug":"service","status":"publish","type":"page","link":"https:\/\/pl.jlm.se\/pl\/service\/","title":{"rendered":"Serwis\/Magazyn"},"content":{"rendered":"<p>Wykonujemy diagnostyk\u0119, naprawy maszyn, urz\u0105dze\u0144 i elektroniki. Oferujemy oryginalne cz\u0119\u015bci zamienne i eksploatacyjne. Posiadamy w ci\u0105g\u0142ej sprzeda\u017cy najwy\u017cszej jako\u015bci bentonit i komponenty do p\u0142uczek wiertniczych marki Baroid<sup>\u00ae<br \/>\n<\/sup>Zapewniamy wsparcie techniczne i konsultacje eksploatacyjne.<\/p>\n<p><strong>Karol Kwiecie\u0144<br \/>\n<\/strong>Kierownik Serwisu\u00a0 tel. kom. 783 610 300,<br \/>\ne-mail:\u00a0<a href=\"mailto:kwiecien@jlm.pl\">kwiecien@jlm.pl<\/a><\/p>\n<p><strong>Przemys\u0142aw Witczak<br \/>\n<\/strong>In\u017cynier Serwisu, HammerHead \u2013 wsparcie klienta<br \/>\ntel. kom.\u00a0 887 030 300<br \/>\ne-mail:\u00a0<a href=\"mailto:witczak@jlm.pl\">witczak@jlm.pl<\/a><\/p>\n<div>\n<div><\/div>\n<\/div>\n<div class=\"orange-text inline-block-header\"><b>Robert Kowalewski<\/b><\/div>\n<div class=\"content\">Kierownik dzia\u0142u cz\u0119\u015bci zamiennych tel. kom. 887 250 650<\/div>\n<div>e-mail:\u00a0<a href=\"mailto:kowalewski@jlm.pl\">kowalewski@jlm.pl<\/a><\/div>\n<p><strong>Adam Rejnert<br \/>\n<\/strong>Cz\u0119\u015bci zamienne tel. kom. 607 077 047<br \/>\ne-mail:\u00a0<a href=\"mailto:rejnert@jlm.pl\">rejnert@jlm.pl<\/a><\/p>\n<p>&nbsp;<\/p>\n<p><strong>Dlaczego warto wybra\u0107 nasz serwis<\/strong><\/p>\n<ul>\n<li>Profesjonalizm naszego serwisu oraz fakt, i\u017c do naprawy \u00a0wykorzystujemy wy\u0142\u0105cznie oryginalne cz\u0119\u015bci \u00a0zamienne producenta, gwarantuje solidno\u015b\u0107 \u00a0wykonania.<\/li>\n<li>Poinformujemy Pa\u0144stwa r\u00f3wnie\u017c o \u00a0stanie technicznym maszyny i jakichkolwiek usterkach wykrytych przy okazji \u00a0wykonywanej\u00a0 naprawy.<\/li>\n<li>Eksploatacja maszyn zgodne z zaleceniami producenta oraz wykonywanie obs\u0142ugi okresowej i napraw w autoryzowanym\u00a0 serwisie jest gwarancj\u0105 zadowolenia z u\u017cytkowania maszyn firmy Ditch Witch\u00ae.<\/li>\n<\/ul>\n<p><strong>Dokumentacja naprawy<\/strong><\/p>\n<ul>\n<li>Dokumentujemy wszystkie naprawy wykonywane w naszym serwisie.<\/li>\n<\/ul>\n","protected":false},"excerpt":{"rendered":"<p>Wykonujemy diagnostyk\u0119, naprawy maszyn, urz\u0105dze\u0144 i elektroniki. Oferujemy oryginalne cz\u0119\u015bci zamienne i eksploatacyjne. Posiadamy w ci\u0105g\u0142ej sprzeda\u017cy najwy\u017cszej jako\u015bci bentonit i komponenty do p\u0142uczek wiertniczych &#8230;<\/p>\n","protected":false},"author":1,"featured_media":1001,"parent":0,"menu_order":0,"comment_status":"closed","ping_status":"closed","template":"page-split.php","meta":{"_acf_changed":false,"footnotes":""},"acf":[],"_links":{"self":[{"href":"https:\/\/pl.jlm.se\/pl\/wp-json\/wp\/v2\/pages\/1353"}],"collection":[{"href":"https:\/\/pl.jlm.se\/pl\/wp-json\/wp\/v2\/pages"}],"about":[{"href":"https:\/\/pl.jlm.se\/pl\/wp-json\/wp\/v2\/types\/page"}],"author":[{"embeddable":true,"href":"https:\/\/pl.jlm.se\/pl\/wp-json\/wp\/v2\/users\/1"}],"replies":[{"embeddable":true,"href":"https:\/\/pl.jlm.se\/pl\/wp-json\/wp\/v2\/comments?post=1353"}],"version-history":[{"count":76,"href":"https:\/\/pl.jlm.se\/pl\/wp-json\/wp\/v2\/pages\/1353\/revisions"}],"predecessor-version":[{"id":13219,"href":"https:\/\/pl.jlm.se\/pl\/wp-json\/wp\/v2\/pages\/1353\/revisions\/13219"}],"wp:featuredmedia":[{"embeddable":true,"href":"https:\/\/pl.jlm.se\/pl\/wp-json\/wp\/v2\/media\/1001"}],"wp:attachment":[{"href":"https:\/\/pl.jlm.se\/pl\/wp-json\/wp\/v2\/media?parent=1353"}],"curies":[{"name":"wp","href":"https:\/\/api.w.org\/{rel}","templated":true}]}}