{"id":3055,"date":"2017-04-10T20:26:03","date_gmt":"2017-04-10T18:26:03","guid":{"rendered":"http:\/\/pl.jlm.se\/service\/"},"modified":"2018-09-14T13:16:30","modified_gmt":"2018-09-14T11:16:30","slug":"huolto","status":"publish","type":"page","link":"https:\/\/pl.jlm.se\/fi\/huolto\/","title":{"rendered":"Huolto"},"content":{"rendered":"<p>JLM tarjoaa huoltoa ja korjauksia sinun Ditch Witch koneeseen niin omalla toimipisteell\u00e4mme kuin my\u00f6s kent\u00e4ll\u00e4. Meill\u00e4 on huoltop\u00e4\u00e4llikk\u00f6 p\u00e4\u00e4konttorillamme Malm\u00f6ss\u00e4. Mekaanikot tekev\u00e4t huoltoja my\u00f6s sinun ty\u00f6maallasi tarpeen vaatiessa. JLM:ll\u00e4 on kolme kentt\u00e4huolto autoa, jotka on varusteltu juuri Ditch Witch porakoneiden huoltamiseksi.<\/p>\n<p>Voit olla my\u00f6s yhteydess\u00e4 suoraan huoltop\u00e4\u00e4llikk\u00f6\u00f6mme Niklas Jonsson<\/p>\n<p>+46 40 671 1480<\/p>\n","protected":false},"excerpt":{"rendered":"<p>JLM tarjoaa huoltoa ja korjauksia sinun Ditch Witch koneeseen niin omalla toimipisteell\u00e4mme kuin my\u00f6s kent\u00e4ll\u00e4. Meill\u00e4 on huoltop\u00e4\u00e4llikk\u00f6 p\u00e4\u00e4konttorillamme Malm\u00f6ss\u00e4. Mekaanikot tekev\u00e4t huoltoja my\u00f6s sinun &#8230;<\/p>\n","protected":false},"author":1,"featured_media":3057,"parent":0,"menu_order":0,"comment_status":"closed","ping_status":"closed","template":"page-split.php","meta":{"_acf_changed":false,"footnotes":""},"acf":[],"_links":{"self":[{"href":"https:\/\/pl.jlm.se\/fi\/wp-json\/wp\/v2\/pages\/3055"}],"collection":[{"href":"https:\/\/pl.jlm.se\/fi\/wp-json\/wp\/v2\/pages"}],"about":[{"href":"https:\/\/pl.jlm.se\/fi\/wp-json\/wp\/v2\/types\/page"}],"author":[{"embeddable":true,"href":"https:\/\/pl.jlm.se\/fi\/wp-json\/wp\/v2\/users\/1"}],"replies":[{"embeddable":true,"href":"https:\/\/pl.jlm.se\/fi\/wp-json\/wp\/v2\/comments?post=3055"}],"version-history":[{"count":2,"href":"https:\/\/pl.jlm.se\/fi\/wp-json\/wp\/v2\/pages\/3055\/revisions"}],"predecessor-version":[{"id":3141,"href":"https:\/\/pl.jlm.se\/fi\/wp-json\/wp\/v2\/pages\/3055\/revisions\/3141"}],"wp:featuredmedia":[{"embeddable":true,"href":"https:\/\/pl.jlm.se\/fi\/wp-json\/wp\/v2\/media\/3057"}],"wp:attachment":[{"href":"https:\/\/pl.jlm.se\/fi\/wp-json\/wp\/v2\/media?parent=3055"}],"curies":[{"name":"wp","href":"https:\/\/api.w.org\/{rel}","templated":true}]}}