{"id":3050,"date":"2017-03-20T16:40:48","date_gmt":"2017-03-20T14:40:48","guid":{"rendered":"http:\/\/pl.jlm.se\/om-oss\/"},"modified":"2018-09-14T13:16:40","modified_gmt":"2018-09-14T11:16:40","slug":"meista","status":"publish","type":"page","link":"https:\/\/pl.jlm.se\/fi\/meista\/","title":{"rendered":"Meist\u00e4"},"content":{"rendered":"<p>On osa JLM Scandinavia AB konsernia. Yrityksemme Suomen toiminnot perustettiin vuonna 2009. Toimipisteemme sijaitsee Vantaalla hyvien liikenneyhteyksien varrella. Tuomme Suomeen\u00a0<a href=\"http:\/\/www.ditchwitch.com\/\" target=\"_blank\" rel=\"noopener\">Ditchwitch<\/a>,\u00a0<a href=\"http:\/\/www.subsite.com\/\" target=\"_blank\" rel=\"noopener\">Subsite<\/a>,\u00a0<a href=\"http:\/\/www.hammerheadtrenchless.com\/\" target=\"_blank\" rel=\"noopener\">Hammerhead<\/a>, Trencor ja\u00a0<a href=\"http:\/\/www.baroididp.com\/\" target=\"_blank\" rel=\"noopener\">Baroid<\/a>\u00a0tuotteita.<\/p>\n<p>Yrityksemme p\u00e4\u00e4konttori ja keskusvarastomme sijaitsee Malm\u00f6ss\u00e4, Ruotsissa. Kaikki myym\u00e4mme koneet varustellaan ja valmistellaan luovutusta varten ammattitaitoisten ja koulutettujen asentajiemme toimesta Malm\u00f6ss\u00e4. Keskitt\u00e4m\u00e4ll\u00e4 asennustoimintamme yhteen paikkaan varmistamme parhaan mahdollisen palvelun asiakkaillemme.<\/p>\n<p>Suomen ja Ruotsin toimintojen lis\u00e4ksi meill\u00e4 on myyntikonttorit Tanskassa, Puolassa, Ukrainassa ja Norjassa. JLM Scandinavia Ab:ll\u00e4 on yli 35 vuoden kokemus maanrakennuksen erikoiskoneiden parissa toimimisesta.<br \/>\nHaluamme ett\u00e4:<\/p>\n<ul>\n<li>Olemme varteenotettava kumppani kunnallistekniikan asennuksiin liittyviss\u00e4 ty\u00f6teht\u00e4viss\u00e4.<\/li>\n<li>Olemme markkinajohtaja teknisen kehityksen, myynnin ja j\u00e4lkimarkkinoinnin saralla.<\/li>\n<li>Olemme innovatiivisia ja avoimia asiakkaidemme erityistoiveille.<\/li>\n<li>Olemme yritys, joka palvelee asiakkaitamme \u201davaimet k\u00e4teen\u201d periaatteella.<\/li>\n<\/ul>\n","protected":false},"excerpt":{"rendered":"<p>On osa JLM Scandinavia AB konsernia. Yrityksemme Suomen toiminnot perustettiin vuonna 2009. Toimipisteemme sijaitsee Vantaalla hyvien liikenneyhteyksien varrella. Tuomme Suomeen\u00a0Ditchwitch,\u00a0Subsite,\u00a0Hammerhead, Trencor ja\u00a0Baroid\u00a0tuotteita. Yrityksemme p\u00e4\u00e4konttori ja &#8230;<\/p>\n","protected":false},"author":1,"featured_media":3052,"parent":0,"menu_order":0,"comment_status":"closed","ping_status":"closed","template":"page-split.php","meta":{"_acf_changed":false,"footnotes":""},"acf":[],"_links":{"self":[{"href":"https:\/\/pl.jlm.se\/fi\/wp-json\/wp\/v2\/pages\/3050"}],"collection":[{"href":"https:\/\/pl.jlm.se\/fi\/wp-json\/wp\/v2\/pages"}],"about":[{"href":"https:\/\/pl.jlm.se\/fi\/wp-json\/wp\/v2\/types\/page"}],"author":[{"embeddable":true,"href":"https:\/\/pl.jlm.se\/fi\/wp-json\/wp\/v2\/users\/1"}],"replies":[{"embeddable":true,"href":"https:\/\/pl.jlm.se\/fi\/wp-json\/wp\/v2\/comments?post=3050"}],"version-history":[{"count":4,"href":"https:\/\/pl.jlm.se\/fi\/wp-json\/wp\/v2\/pages\/3050\/revisions"}],"predecessor-version":[{"id":3183,"href":"https:\/\/pl.jlm.se\/fi\/wp-json\/wp\/v2\/pages\/3050\/revisions\/3183"}],"wp:featuredmedia":[{"embeddable":true,"href":"https:\/\/pl.jlm.se\/fi\/wp-json\/wp\/v2\/media\/3052"}],"wp:attachment":[{"href":"https:\/\/pl.jlm.se\/fi\/wp-json\/wp\/v2\/media?parent=3050"}],"curies":[{"name":"wp","href":"https:\/\/api.w.org\/{rel}","templated":true}]}}