{"id":1463,"date":"2017-04-10T20:26:03","date_gmt":"2017-04-10T18:26:03","guid":{"rendered":"http:\/\/pl.jlm.se\/service\/"},"modified":"2017-04-10T20:26:03","modified_gmt":"2017-04-10T19:26:03","slug":"service","status":"publish","type":"page","link":"https:\/\/pl.jlm.se\/en\/service\/","title":{"rendered":"Service"},"content":{"rendered":"<p>JLM erbjuder service och reparation av din Ditch Witch maskin b\u00e5de i verkstad och ute p\u00e5 f\u00e4ltet. Vid v\u00e5rt huvudkontor i Malm\u00f6 har vi fem servicetekniker och en i\u00a0\u00d6rebro. Teknikerna arbetar \u00e4ven ute p\u00e5 f\u00e4ltet d\u00e5 Du har behov av service och reparation d\u00e4r det passar dig b\u00e4st. JLM har tre f\u00e4ltservicebilar utrustade med specialverktyg f\u00f6r Ditch Witch maskiner.<\/p>\n<p>Kontakta v\u00e5r verkstadschef <a href=\"mailto:niklas.jonsson@jlm.se\">Niklas Jonsson<\/a> f\u00f6r mer information<br \/>\n040 &#8211; 671 14 80<\/p>\n","protected":false},"excerpt":{"rendered":"<p>JLM erbjuder service och reparation av din Ditch Witch maskin b\u00e5de i verkstad och ute p\u00e5 f\u00e4ltet. Vid v\u00e5rt huvudkontor i Malm\u00f6 har vi fem &#8230;<\/p>\n","protected":false},"author":1,"featured_media":1465,"parent":0,"menu_order":0,"comment_status":"closed","ping_status":"closed","template":"page-split.php","meta":{"_acf_changed":false,"footnotes":""},"acf":[],"_links":{"self":[{"href":"https:\/\/pl.jlm.se\/en\/wp-json\/wp\/v2\/pages\/1463"}],"collection":[{"href":"https:\/\/pl.jlm.se\/en\/wp-json\/wp\/v2\/pages"}],"about":[{"href":"https:\/\/pl.jlm.se\/en\/wp-json\/wp\/v2\/types\/page"}],"author":[{"embeddable":true,"href":"https:\/\/pl.jlm.se\/en\/wp-json\/wp\/v2\/users\/1"}],"replies":[{"embeddable":true,"href":"https:\/\/pl.jlm.se\/en\/wp-json\/wp\/v2\/comments?post=1463"}],"version-history":[{"count":0,"href":"https:\/\/pl.jlm.se\/en\/wp-json\/wp\/v2\/pages\/1463\/revisions"}],"wp:featuredmedia":[{"embeddable":true,"href":"https:\/\/pl.jlm.se\/en\/wp-json\/wp\/v2\/media\/1465"}],"wp:attachment":[{"href":"https:\/\/pl.jlm.se\/en\/wp-json\/wp\/v2\/media?parent=1463"}],"curies":[{"name":"wp","href":"https:\/\/api.w.org\/{rel}","templated":true}]}}