{"id":899,"date":"2017-03-20T16:40:48","date_gmt":"2017-03-20T14:40:48","guid":{"rendered":"http:\/\/pl.jlm.se\/om-oss\/"},"modified":"2019-02-18T15:21:07","modified_gmt":"2019-02-18T13:21:07","slug":"om-oss","status":"publish","type":"page","link":"https:\/\/pl.jlm.se\/da\/om-oss\/","title":{"rendered":"Om JLM"},"content":{"rendered":"<p>Vi har over 40 \u00e5rs erfaring med gravefri teknik, og er forhandler af&nbsp;<a href=\"http:\/\/www.ditchwitch.com\/\" target=\"_blank\" rel=\"noopener noreferrer\">DitchWitch<\/a>, <a href=\"http:\/\/www.americanaugers.com\/\" target=\"_blank\" rel=\"noopener noreferrer\">American Augers<\/a>, <a href=\"http:\/\/www.subsite.com\/\" target=\"_blank\" rel=\"noopener noreferrer\">Subsite<\/a>, <a href=\"http:\/\/www.hammerheadtrenchless.com\/\" target=\"_blank\" rel=\"noopener noreferrer\">Hammerhead<\/a>, <a href=\"http:\/\/www.baroididp.com\/\" target=\"_blank\" rel=\"noopener noreferrer\">Baroid<\/a>&nbsp;og&nbsp;<a href=\"http:\/\/www.ditchwitch.com\/trenchers\/ride-on\/zahn-trencher\" target=\"_blank\" rel=\"noopener noreferrer\">Zahn<\/a>.<\/p>\n<p>Vi driver virksomheder i Sverige, Danmark, Finland, Polen og Ukraina samt har vi Norge som vores salgsomr\u00e5de. Foretaget blev grundanet i begyndelsen af 70-talet og har siden starten v\u00e6ret leverand\u00f8r af specialmaskiner til entrepren\u00f8rer som arbejder med gravefri teknik.<\/p>\n<p>Vi har som m\u00e5l at:<\/p>\n<ul>\n<li>V\u00e6re den foretrukne partner ved alle former for arbejde med gravefri teknik.<\/li>\n<li>V\u00e6re&nbsp; markedsleder p\u00e5 service og eftermarked.<\/li>\n<li>V\u00e6re innovative og \u00e5bne for kundens specifikke \u00f8nskem\u00e5l<\/li>\n<li>Give kunden en n\u00f8glef\u00e6rdig l\u00f8sning.<\/li>\n<\/ul>\n","protected":false},"excerpt":{"rendered":"<p>Vi har over 40 \u00e5rs erfaring med gravefri teknik, og er forhandler af&nbsp;DitchWitch, American Augers, Subsite, Hammerhead, Baroid&nbsp;og&nbsp;Zahn. Vi driver virksomheder i Sverige, Danmark, Finland, &#8230;<\/p>\n","protected":false},"author":1,"featured_media":198,"parent":0,"menu_order":0,"comment_status":"closed","ping_status":"closed","template":"page-split.php","meta":{"_acf_changed":false,"footnotes":""},"acf":[],"_links":{"self":[{"href":"https:\/\/pl.jlm.se\/da\/wp-json\/wp\/v2\/pages\/899"}],"collection":[{"href":"https:\/\/pl.jlm.se\/da\/wp-json\/wp\/v2\/pages"}],"about":[{"href":"https:\/\/pl.jlm.se\/da\/wp-json\/wp\/v2\/types\/page"}],"author":[{"embeddable":true,"href":"https:\/\/pl.jlm.se\/da\/wp-json\/wp\/v2\/users\/1"}],"replies":[{"embeddable":true,"href":"https:\/\/pl.jlm.se\/da\/wp-json\/wp\/v2\/comments?post=899"}],"version-history":[{"count":10,"href":"https:\/\/pl.jlm.se\/da\/wp-json\/wp\/v2\/pages\/899\/revisions"}],"predecessor-version":[{"id":5349,"href":"https:\/\/pl.jlm.se\/da\/wp-json\/wp\/v2\/pages\/899\/revisions\/5349"}],"wp:featuredmedia":[{"embeddable":true,"href":"https:\/\/pl.jlm.se\/da\/wp-json\/wp\/v2\/media\/198"}],"wp:attachment":[{"href":"https:\/\/pl.jlm.se\/da\/wp-json\/wp\/v2\/media?parent=899"}],"curies":[{"name":"wp","href":"https:\/\/api.w.org\/{rel}","templated":true}]}}