{"id":896,"date":"2017-04-10T20:26:03","date_gmt":"2017-04-10T18:26:03","guid":{"rendered":"http:\/\/pl.jlm.se\/service\/"},"modified":"2019-02-18T16:05:31","modified_gmt":"2019-02-18T14:05:31","slug":"service","status":"publish","type":"page","link":"https:\/\/pl.jlm.se\/da\/service\/","title":{"rendered":"Service"},"content":{"rendered":"<p>JLM. Danmark tilbyder service og reparation af din Ditch Witch maskiner b\u00e5de p\u00e5 v\u00e6rksted og ude i felten. Vores afdelingen i Grejs har b\u00e5de lager og v\u00e6rksted. Serviceteknikker og lagermand.. Teknikkeren arbejder b\u00e5de ude i marken og p\u00e5 v\u00e6rkstedet efter hvad der passer jer bedst. JLM. Danmark har servicebiler udrustet med speciale for Ditch Witch maskiner.<\/p>\n<p>Kontakt vores serviceteknikker\u00a0<a href=\"mailto:henrik@jlm.se\">Henrik Fogholm<\/a> for mere information<br \/>\n+45 30 32 73 76<\/p>\n","protected":false},"excerpt":{"rendered":"<p>JLM. Danmark tilbyder service og reparation af din Ditch Witch maskiner b\u00e5de p\u00e5 v\u00e6rksted og ude i felten. Vores afdelingen i Grejs har b\u00e5de lager &#8230;<\/p>\n","protected":false},"author":1,"featured_media":99,"parent":0,"menu_order":0,"comment_status":"closed","ping_status":"closed","template":"page-split.php","meta":{"_acf_changed":false,"footnotes":""},"acf":[],"_links":{"self":[{"href":"https:\/\/pl.jlm.se\/da\/wp-json\/wp\/v2\/pages\/896"}],"collection":[{"href":"https:\/\/pl.jlm.se\/da\/wp-json\/wp\/v2\/pages"}],"about":[{"href":"https:\/\/pl.jlm.se\/da\/wp-json\/wp\/v2\/types\/page"}],"author":[{"embeddable":true,"href":"https:\/\/pl.jlm.se\/da\/wp-json\/wp\/v2\/users\/1"}],"replies":[{"embeddable":true,"href":"https:\/\/pl.jlm.se\/da\/wp-json\/wp\/v2\/comments?post=896"}],"version-history":[{"count":9,"href":"https:\/\/pl.jlm.se\/da\/wp-json\/wp\/v2\/pages\/896\/revisions"}],"predecessor-version":[{"id":5366,"href":"https:\/\/pl.jlm.se\/da\/wp-json\/wp\/v2\/pages\/896\/revisions\/5366"}],"wp:featuredmedia":[{"embeddable":true,"href":"https:\/\/pl.jlm.se\/da\/wp-json\/wp\/v2\/media\/99"}],"wp:attachment":[{"href":"https:\/\/pl.jlm.se\/da\/wp-json\/wp\/v2\/media?parent=896"}],"curies":[{"name":"wp","href":"https:\/\/api.w.org\/{rel}","templated":true}]}}